{"id":8,"date":"2026-04-23T15:14:32","date_gmt":"2026-04-23T15:14:32","guid":{"rendered":"https:\/\/88xx.health\/?page_id=8"},"modified":"2026-04-23T15:14:32","modified_gmt":"2026-04-23T15:14:32","slug":"88xx-nha-cai-ca-cuoc-dang-cap-uy-tin-ty-le-an-cuoc-cao","status":"publish","type":"page","link":"https:\/\/88xx.health\/?page_id=8","title":{"rendered":"88xx &#8211; Nh\u00e0 C\u00e1i C\u00e1 C\u01b0\u1ee3c \u0110\u1eb3ng C\u1ea5p, Uy T\u00edn, T\u1ef7 L\u1ec7 \u0102n C\u01b0\u1ee3c Cao"},"content":{"rendered":"","protected":false},"excerpt":{"rendered":"","protected":false},"author":1,"featured_media":0,"parent":0,"menu_order":0,"comment_status":"closed","ping_status":"closed","template":"","meta":{"footnotes":""},"class_list":["post-8","page","type-page","status-publish","hentry"],"_links":{"self":[{"href":"https:\/\/88xx.health\/index.php?rest_route=\/wp\/v2\/pages\/8","targetHints":{"allow":["GET"]}}],"collection":[{"href":"https:\/\/88xx.health\/index.php?rest_route=\/wp\/v2\/pages"}],"about":[{"href":"https:\/\/88xx.health\/index.php?rest_route=\/wp\/v2\/types\/page"}],"author":[{"embeddable":true,"href":"https:\/\/88xx.health\/index.php?rest_route=\/wp\/v2\/users\/1"}],"replies":[{"embeddable":true,"href":"https:\/\/88xx.health\/index.php?rest_route=%2Fwp%2Fv2%2Fcomments&post=8"}],"version-history":[{"count":1,"href":"https:\/\/88xx.health\/index.php?rest_route=\/wp\/v2\/pages\/8\/revisions"}],"predecessor-version":[{"id":9,"href":"https:\/\/88xx.health\/index.php?rest_route=\/wp\/v2\/pages\/8\/revisions\/9"}],"wp:attachment":[{"href":"https:\/\/88xx.health\/index.php?rest_route=%2Fwp%2Fv2%2Fmedia&parent=8"}],"curies":[{"name":"wp","href":"https:\/\/api.w.org\/{rel}","templated":true}]}}